{"id":16,"date":"2024-06-18T05:47:15","date_gmt":"2024-06-18T08:47:15","guid":{"rendered":"https:\/\/hmmasociados.com\/?page_id=16"},"modified":"2024-06-25T07:11:21","modified_gmt":"2024-06-25T10:11:21","slug":"16-2","status":"publish","type":"page","link":"https:\/\/hmmasociados.com\/","title":{"rendered":"INICIO"},"content":{"rendered":"<p>[et_pb_section fb_built=&#8221;1&#8243; _builder_version=&#8221;4.25.2&#8243; _module_preset=&#8221;default&#8221; min_height=&#8221;652.9px&#8221; custom_padding=&#8221;60px|||||&#8221; top_divider_style=&#8221;arrow2&#8243; top_divider_color=&#8221;gcid-primary-color&#8221; top_divider_height=&#8221;55px&#8221; global_colors_info=&#8221;{%22gcid-primary-color%22:%91%22top_divider_color%22%93}&#8221;][et_pb_row column_structure=&#8221;1_3,1_3,1_3&#8243; use_custom_gutter=&#8221;on&#8221; make_equal=&#8221;on&#8221; _builder_version=&#8221;4.25.2&#8243; _module_preset=&#8221;default&#8221; module_alignment=&#8221;center&#8221; global_colors_info=&#8221;{}&#8221;][et_pb_column type=&#8221;1_3&#8243; _builder_version=&#8221;4.25.2&#8243; _module_preset=&#8221;default&#8221; global_colors_info=&#8221;{}&#8221;][et_pb_text _builder_version=&#8221;4.25.2&#8243; _module_preset=&#8221;default&#8221; text_font=&#8221;Oswald|500|||||||&#8221; text_text_color=&#8221;gcid-9b65dabd-c732-429e-ac9a-a865a5a50006&#8243; text_font_size=&#8221;150%&#8221; text_orientation=&#8221;center&#8221; module_alignment=&#8221;center&#8221; animation_style=&#8221;slide&#8221; global_colors_info=&#8221;{%22gcid-9b65dabd-c732-429e-ac9a-a865a5a50006%22:%91%22text_text_color%22%93}&#8221;]<\/p>\n<p><strong>ACCIDENTES LABORALES<\/strong><\/p>\n<p>[\/et_pb_text][et_pb_image src=&#8221;http:\/\/hmmasociados.com\/wp-content\/uploads\/2024\/06\/back-view-man-with-safety-equipment.webp&#8221; title_text=&#8221;back-view-man-with-safety-equipment&#8221; _builder_version=&#8221;4.25.2&#8243; _module_preset=&#8221;default&#8221; border_radii=&#8221;off|25px|25px||&#8221; global_colors_info=&#8221;{}&#8221;][\/et_pb_image][et_pb_text _builder_version=&#8221;4.25.2&#8243; _module_preset=&#8221;default&#8221; text_text_color=&#8221;gcid-a40f6578-3b2e-4986-b6a9-16dd23d7b980&#8243; min_height=&#8221;73.6px&#8221; global_colors_info=&#8221;{%22gcid-a40f6578-3b2e-4986-b6a9-16dd23d7b980%22:%91%22text_text_color%22%93}&#8221;]<\/p>\n<p><strong>Cons\u00faltenos por todo lo referido a derecho en materia de seguridad laboral y accidentes<\/strong><\/p>\n<p>[\/et_pb_text][et_pb_button button_text=&#8221;Consultar&#8221; button_alignment=&#8221;center&#8221; _builder_version=&#8221;4.25.2&#8243; _module_preset=&#8221;default&#8221; custom_button=&#8221;on&#8221; button_text_color=&#8221;gcid-secondary-color&#8221; button_bg_color=&#8221;gcid-a40f6578-3b2e-4986-b6a9-16dd23d7b980&#8243; button_border_width=&#8221;0px&#8221; button_border_radius=&#8221;8px&#8221; button_letter_spacing=&#8221;3px&#8221; button_font=&#8221;|700|||||||&#8221; button_icon=&#8221;&#xf054;||fa||900&#8243; button_icon_placement=&#8221;left&#8221; button_on_hover=&#8221;off&#8221; animation_style=&#8221;bounce&#8221; global_colors_info=&#8221;{%22gcid-secondary-color%22:%91%22button_text_color%22,%22button_icon_color%22,%22button_text_color%22%93,%22gcid-a40f6578-3b2e-4986-b6a9-16dd23d7b980%22:%91%22button_bg_color%22%93}&#8221;][\/et_pb_button][\/et_pb_column][et_pb_column type=&#8221;1_3&#8243; _builder_version=&#8221;4.25.2&#8243; _module_preset=&#8221;default&#8221; global_colors_info=&#8221;{}&#8221;][et_pb_text _builder_version=&#8221;4.25.2&#8243; _module_preset=&#8221;default&#8221; text_font=&#8221;Oswald|500|||||||&#8221; text_text_color=&#8221;gcid-9b65dabd-c732-429e-ac9a-a865a5a50006&#8243; text_font_size=&#8221;150%&#8221; text_orientation=&#8221;center&#8221; module_alignment=&#8221;center&#8221; animation_style=&#8221;slide&#8221; hover_enabled=&#8221;0&#8243; global_colors_info=&#8221;{%22gcid-9b65dabd-c732-429e-ac9a-a865a5a50006%22:%91%22text_text_color%22%93}&#8221; sticky_enabled=&#8221;0&#8243;]<\/p>\n<p><strong>DERECHO PARENTAL<br \/><\/strong><\/p>\n<p>[\/et_pb_text][et_pb_image src=&#8221;http:\/\/hmmasociados.com\/wp-content\/uploads\/2024\/06\/back-view-man-with-safety-equipm1251jpg.webp&#8221; title_text=&#8221;back-view-man-with-safety-equipm1251jpg&#8221; _builder_version=&#8221;4.25.2&#8243; _module_preset=&#8221;default&#8221; border_radii=&#8221;off|25px|25px||&#8221; global_colors_info=&#8221;{}&#8221;][\/et_pb_image][et_pb_text _builder_version=&#8221;4.25.2&#8243; _module_preset=&#8221;default&#8221; text_text_color=&#8221;gcid-a40f6578-3b2e-4986-b6a9-16dd23d7b980&#8243; min_height=&#8221;77.4px&#8221; global_colors_info=&#8221;{%22gcid-a40f6578-3b2e-4986-b6a9-16dd23d7b980%22:%91%22text_text_color%22%93}&#8221;]<\/p>\n<p><strong>Nos especializamos en temas de familia, alimentos, cuidado parental, r\u00e9gimen de comunicaci\u00f3n.<\/strong><\/p>\n<p>[\/et_pb_text][et_pb_button button_text=&#8221;Consultar&#8221; button_alignment=&#8221;center&#8221; _builder_version=&#8221;4.25.2&#8243; _module_preset=&#8221;default&#8221; custom_button=&#8221;on&#8221; button_text_color=&#8221;gcid-secondary-color&#8221; button_bg_color=&#8221;gcid-a40f6578-3b2e-4986-b6a9-16dd23d7b980&#8243; button_border_width=&#8221;0px&#8221; button_border_radius=&#8221;8px&#8221; button_letter_spacing=&#8221;3px&#8221; button_font=&#8221;|700|||||||&#8221; button_icon=&#8221;&#xf054;||fa||900&#8243; button_icon_placement=&#8221;left&#8221; button_on_hover=&#8221;off&#8221; animation_style=&#8221;bounce&#8221; global_colors_info=&#8221;{%22gcid-secondary-color%22:%91%22button_text_color%22,%22button_icon_color%22,%22button_text_color%22%93,%22gcid-a40f6578-3b2e-4986-b6a9-16dd23d7b980%22:%91%22button_bg_color%22,%22button_bg_color%22%93}&#8221;][\/et_pb_button][\/et_pb_column][et_pb_column type=&#8221;1_3&#8243; _builder_version=&#8221;4.25.2&#8243; _module_preset=&#8221;default&#8221; global_colors_info=&#8221;{}&#8221;][et_pb_text _builder_version=&#8221;4.25.2&#8243; _module_preset=&#8221;default&#8221; text_font=&#8221;Oswald|500|||||||&#8221; text_text_color=&#8221;gcid-9b65dabd-c732-429e-ac9a-a865a5a50006&#8243; text_font_size=&#8221;150%&#8221; text_orientation=&#8221;center&#8221; module_alignment=&#8221;center&#8221; animation_style=&#8221;slide&#8221; global_colors_info=&#8221;{%22gcid-9b65dabd-c732-429e-ac9a-a865a5a50006%22:%91%22text_text_color%22%93}&#8221;]<\/p>\n<p><strong>JUBILACIONES<\/strong><\/p>\n<p>[\/et_pb_text][et_pb_image src=&#8221;http:\/\/hmmasociados.com\/wp-content\/uploads\/2024\/06\/back-view-man-with-safety-eq212154jpg.webp&#8221; title_text=&#8221;back-view-man-with-safety-eq212154jpg&#8221; _builder_version=&#8221;4.25.2&#8243; _module_preset=&#8221;default&#8221; border_radii=&#8221;off|25px|25px||&#8221; global_colors_info=&#8221;{}&#8221;][\/et_pb_image][et_pb_text _builder_version=&#8221;4.25.2&#8243; _module_preset=&#8221;default&#8221; text_text_color=&#8221;gcid-a40f6578-3b2e-4986-b6a9-16dd23d7b980&#8243; min_height=&#8221;75.6px&#8221; global_colors_info=&#8221;{%22gcid-a40f6578-3b2e-4986-b6a9-16dd23d7b980%22:%91%22text_text_color%22%93}&#8221;]<\/p>\n<p><strong>Cons\u00faltenos por todo lo referente a derecho provisional y reajuste de haberes jubilatorios.<br \/><\/strong><\/p>\n<p>[\/et_pb_text][et_pb_button button_text=&#8221;Consultar&#8221; button_alignment=&#8221;center&#8221; _builder_version=&#8221;4.25.2&#8243; _module_preset=&#8221;default&#8221; custom_button=&#8221;on&#8221; button_text_color=&#8221;gcid-secondary-color&#8221; button_bg_color=&#8221;gcid-a40f6578-3b2e-4986-b6a9-16dd23d7b980&#8243; button_border_width=&#8221;0px&#8221; button_border_radius=&#8221;8px&#8221; button_letter_spacing=&#8221;3px&#8221; button_font=&#8221;|700|||||||&#8221; button_icon=&#8221;&#xf054;||fa||900&#8243; button_icon_color=&#8221;gcid-secondary-color&#8221; button_icon_placement=&#8221;left&#8221; button_on_hover=&#8221;off&#8221; animation_style=&#8221;bounce&#8221; global_colors_info=&#8221;{%22gcid-secondary-color%22:%91%22button_text_color%22,%22button_icon_color%22%93,%22gcid-a40f6578-3b2e-4986-b6a9-16dd23d7b980%22:%91%22button_bg_color%22%93}&#8221;][\/et_pb_button][\/et_pb_column][\/et_pb_row][\/et_pb_section][et_pb_section fb_built=&#8221;1&#8243; fullwidth=&#8221;on&#8221; prev_background_color=&#8221;#ffffff&#8221; next_background_color=&#8221;#ffffff&#8221; _builder_version=&#8221;4.25.2&#8243; _module_preset=&#8221;default&#8221; background_color=&#8221;gcid-11017687-d9ae-4b3e-948d-f8de63ba9ce0&#8243; min_height=&#8221;375px&#8221; custom_margin=&#8221;-53px|||||&#8221; custom_padding=&#8221;176px||167px|||&#8221; top_divider_style=&#8221;slant&#8221; top_divider_flip=&#8221;horizontal&#8221; bottom_divider_style=&#8221;slant2&#8243; bottom_divider_flip=&#8221;horizontal&#8221; global_colors_info=&#8221;{%22gcid-11017687-d9ae-4b3e-948d-f8de63ba9ce0%22:%91%22background_color%22%93}&#8221;][\/et_pb_section][et_pb_section fb_built=&#8221;1&#8243; _builder_version=&#8221;4.25.2&#8243; _module_preset=&#8221;default&#8221; custom_margin=&#8221;-1px|||||&#8221; custom_padding=&#8221;0px|||||&#8221; bottom_divider_style=&#8221;slant2&#8243; bottom_divider_color=&#8221;gcid-a40f6578-3b2e-4986-b6a9-16dd23d7b980&#8243; bottom_divider_height=&#8221;70px&#8221; bottom_divider_repeat=&#8221;1x&#8221; bottom_divider_flip=&#8221;horizontal&#8221; bottom_divider_arrangement=&#8221;above_content&#8221; global_colors_info=&#8221;{%22gcid-a40f6578-3b2e-4986-b6a9-16dd23d7b980%22:%91%22bottom_divider_color%22%93}&#8221;][et_pb_row _builder_version=&#8221;4.25.2&#8243; _module_preset=&#8221;default&#8221; custom_padding=&#8221;10px|||||&#8221; global_colors_info=&#8221;{}&#8221;][et_pb_column type=&#8221;4_4&#8243; _builder_version=&#8221;4.25.2&#8243; _module_preset=&#8221;default&#8221; global_colors_info=&#8221;{}&#8221;][\/et_pb_column][\/et_pb_row][\/et_pb_section]<\/p>\n","protected":false},"excerpt":{"rendered":"<p>ACCIDENTES LABORALESCons\u00faltenos por todo lo referido a derecho en materia de seguridad laboral y accidentesDERECHO PARENTALNos especializamos en temas de familia, alimentos, cuidado parental, r\u00e9gimen de comunicaci\u00f3n.JUBILACIONESCons\u00faltenos por todo lo referente a derecho provisional y reajuste de haberes jubilatorios.<\/p>\n","protected":false},"author":1,"featured_media":0,"parent":0,"menu_order":0,"comment_status":"closed","ping_status":"closed","template":"","meta":{"_et_pb_use_builder":"on","_et_pb_old_content":"","_et_gb_content_width":"","om_disable_all_campaigns":false,"_monsterinsights_skip_tracking":false,"_monsterinsights_sitenote_active":false,"_monsterinsights_sitenote_note":"","_monsterinsights_sitenote_category":0,"footnotes":""},"class_list":["post-16","page","type-page","status-publish","hentry"],"aioseo_notices":[],"_links":{"self":[{"href":"https:\/\/hmmasociados.com\/index.php\/wp-json\/wp\/v2\/pages\/16","targetHints":{"allow":["GET"]}}],"collection":[{"href":"https:\/\/hmmasociados.com\/index.php\/wp-json\/wp\/v2\/pages"}],"about":[{"href":"https:\/\/hmmasociados.com\/index.php\/wp-json\/wp\/v2\/types\/page"}],"author":[{"embeddable":true,"href":"https:\/\/hmmasociados.com\/index.php\/wp-json\/wp\/v2\/users\/1"}],"replies":[{"embeddable":true,"href":"https:\/\/hmmasociados.com\/index.php\/wp-json\/wp\/v2\/comments?post=16"}],"version-history":[{"count":15,"href":"https:\/\/hmmasociados.com\/index.php\/wp-json\/wp\/v2\/pages\/16\/revisions"}],"predecessor-version":[{"id":90,"href":"https:\/\/hmmasociados.com\/index.php\/wp-json\/wp\/v2\/pages\/16\/revisions\/90"}],"wp:attachment":[{"href":"https:\/\/hmmasociados.com\/index.php\/wp-json\/wp\/v2\/media?parent=16"}],"curies":[{"name":"wp","href":"https:\/\/api.w.org\/{rel}","templated":true}]}}